{"id":23,"date":"2022-12-19T02:29:04","date_gmt":"2022-12-18T23:29:04","guid":{"rendered":"https:\/\/gaviaspreview.com\/wp\/modins\/?page_id=23"},"modified":"2023-11-07T01:37:29","modified_gmt":"2023-11-06T22:37:29","slug":"hakkimizda","status":"publish","type":"page","link":"https:\/\/turuncumercedesservis.com\/index.php\/hakkimizda\/","title":{"rendered":"Hakk\u0131m\u0131zda"},"content":{"rendered":"\t\t<div data-elementor-type=\"wp-page\" data-elementor-id=\"23\" class=\"elementor elementor-23\">\n\t\t\t\t\t\t<section class=\"elementor-section elementor-top-section elementor-element elementor-element-ee503c8 elementor-section-boxed elementor-section-height-default elementor-section-height-default\" data-id=\"ee503c8\" data-element_type=\"section\" data-settings=\"{&quot;background_background&quot;:&quot;classic&quot;}\">\n\t\t\t\t\t\t\t<div class=\"elementor-background-overlay\"><\/div>\n\t\t\t\t\t\t\t<div class=\"elementor-container elementor-column-gap-default\">\n\t\t\t\t\t<div class=\"elementor-column elementor-col-100 elementor-top-column elementor-element elementor-element-8028c45\" data-id=\"8028c45\" data-element_type=\"column\">\n\t\t\t<div class=\"elementor-widget-wrap elementor-element-populated\">\n\t\t\t\t\t\t<div class=\"elementor-element elementor-element-44fce45 elementor-widget elementor-widget-gva-heading-block\" data-id=\"44fce45\" data-element_type=\"widget\" data-widget_type=\"gva-heading-block.default\">\n\t\t\t\t<div class=\"elementor-widget-container\">\n\t\t\t\t\t<div class=\"gva-element-gva-heading-block gva-element\">   <div class=\"align-left style-1 widget gsc-heading box-align-left auto-responsive\">\r\n      <div class=\"content-inner\">\r\n         \r\n                  \r\n           \r\n         \r\n                     <h2 class=\"title\">\r\n               <span>Hakk\u0131m\u0131zda<\/span>\r\n            <\/h2>\r\n                  \r\n                     <div class=\"title-desc\">Turuncu Mercedes Servis<\/div>\r\n         \r\n         \r\n      <\/div>\r\n   <\/div>\r\n<\/div>\t\t\t\t<\/div>\n\t\t\t\t<\/div>\n\t\t\t\t\t<\/div>\n\t\t<\/div>\n\t\t\t\t\t<\/div>\n\t\t<\/section>\n\t\t\t\t<section class=\"elementor-section elementor-top-section elementor-element elementor-element-f278454 elementor-section-boxed elementor-section-height-default elementor-section-height-default\" data-id=\"f278454\" data-element_type=\"section\">\n\t\t\t\t\t\t<div class=\"elementor-container elementor-column-gap-default\">\n\t\t\t\t\t<div class=\"elementor-column elementor-col-50 elementor-top-column elementor-element elementor-element-7fba472\" data-id=\"7fba472\" data-element_type=\"column\">\n\t\t\t<div class=\"elementor-widget-wrap elementor-element-populated\">\n\t\t\t\t\t\t<div class=\"elementor-element elementor-element-8ad5c52 elementor-widget__width-initial elementor-widget elementor-widget-image\" data-id=\"8ad5c52\" data-element_type=\"widget\" data-widget_type=\"image.default\">\n\t\t\t\t<div class=\"elementor-widget-container\">\n\t\t\t\t\t\t\t\t\t\t\t\t\t\t\t<img fetchpriority=\"high\" decoding=\"async\" width=\"818\" height=\"604\" src=\"https:\/\/turuncumercedesservis.com\/wp-content\/uploads\/2023\/11\/slider-image-11-3-1.png\" class=\"attachment-large size-large wp-image-365\" alt=\"\" srcset=\"https:\/\/turuncumercedesservis.com\/wp-content\/uploads\/2023\/11\/slider-image-11-3-1.png 818w, https:\/\/turuncumercedesservis.com\/wp-content\/uploads\/2023\/11\/slider-image-11-3-1-768x567.png 768w, https:\/\/turuncumercedesservis.com\/wp-content\/uploads\/2023\/11\/slider-image-11-3-1-600x443.png 600w\" sizes=\"(max-width: 818px) 100vw, 818px\" \/>\t\t\t\t\t\t\t\t\t\t\t\t\t\t\t<\/div>\n\t\t\t\t<\/div>\n\t\t\t\t\t<\/div>\n\t\t<\/div>\n\t\t\t\t<div class=\"elementor-column elementor-col-50 elementor-top-column elementor-element elementor-element-01c3651\" data-id=\"01c3651\" data-element_type=\"column\">\n\t\t\t<div class=\"elementor-widget-wrap elementor-element-populated\">\n\t\t\t\t\t\t<div class=\"elementor-element elementor-element-35cee78 elementor-widget elementor-widget-gva-heading-block\" data-id=\"35cee78\" data-element_type=\"widget\" data-settings=\"{&quot;_animation&quot;:&quot;none&quot;}\" data-widget_type=\"gva-heading-block.default\">\n\t\t\t\t<div class=\"elementor-widget-container\">\n\t\t\t\t\t<div class=\"gva-element-gva-heading-block gva-element\">   <div class=\"align-left style-1 widget gsc-heading box-align-left auto-responsive\">\r\n      <div class=\"content-inner\">\r\n         \r\n                  \r\n           \r\n         \r\n                     <h2 class=\"title\">\r\n               <span>Tecr\u00fcbemiz, Arac\u0131n\u0131z\u0131n G\u00fcvencesi<\/span>\r\n            <\/h2>\r\n                  \r\n                     <div class=\"title-desc\">Turuncu Mercedes Servis, otomobil tutkunlar\u0131n\u0131n en iyi arkada\u015f\u0131d\u0131r. 10 y\u0131l\u0131 a\u015fk\u0131n bir s\u00fcredir otomobil servisi sekt\u00f6r\u00fcnde hizmet veriyoruz ve Mercedes-Benz markas\u0131na olan ba\u011fl\u0131l\u0131\u011f\u0131m\u0131z\u0131 her g\u00fcn daha da derinle\u015ftiriyoruz. Misyonumuz, s\u00fcrd\u00fcr\u00fclebilir bir gelecekte s\u00fcr\u00fc\u015f deneyimini en y\u00fcksek standartlarda s\u00fcrd\u00fcrmek ve m\u00fc\u015fterilerimize m\u00fckemmel bir servis sunmakt\u0131r.<\/div>\r\n         \r\n         \r\n      <\/div>\r\n   <\/div>\r\n<\/div>\t\t\t\t<\/div>\n\t\t\t\t<\/div>\n\t\t\t\t<div class=\"elementor-element elementor-element-47abf2e elementor-position-left icon-box-left elementor-view-default elementor-mobile-position-top elementor-vertical-align-top elementor-widget elementor-widget-icon-box\" data-id=\"47abf2e\" data-element_type=\"widget\" data-widget_type=\"icon-box.default\">\n\t\t\t\t<div class=\"elementor-widget-container\">\n\t\t\t\t\t\t\t<div class=\"elementor-icon-box-wrapper\">\n\n\t\t\t\t\t\t<div class=\"elementor-icon-box-icon\">\n\t\t\t\t<span  class=\"elementor-icon\">\n\t\t\t\t<i aria-hidden=\"true\" class=\" micon__team\"><\/i>\t\t\t\t<\/span>\n\t\t\t<\/div>\n\t\t\t\n\t\t\t\t\t\t<div class=\"elementor-icon-box-content\">\n\n\t\t\t\t\t\t\t\t\t<h3 class=\"elementor-icon-box-title\">\n\t\t\t\t\t\t<span  >\n\t\t\t\t\t\t\tM\u00fc\u015fteri Memnuniyeti\t\t\t\t\t\t<\/span>\n\t\t\t\t\t<\/h3>\n\t\t\t\t\n\t\t\t\t\t\t\t\t\t<p class=\"elementor-icon-box-description\">\n\t\t\t\t\t\t%100 M\u00fc\u015fteri Memnuniyeti\t\t\t\t\t<\/p>\n\t\t\t\t\n\t\t\t<\/div>\n\t\t\t\n\t\t<\/div>\n\t\t\t\t\t\t<\/div>\n\t\t\t\t<\/div>\n\t\t\t\t\t<\/div>\n\t\t<\/div>\n\t\t\t\t\t<\/div>\n\t\t<\/section>\n\t\t<div class=\"elementor-element elementor-element-3e82e11 e-flex e-con-boxed e-con e-parent\" data-id=\"3e82e11\" data-element_type=\"container\">\n\t\t\t\t\t<div class=\"e-con-inner\">\n\t\t\t\t<div class=\"elementor-element elementor-element-b6e77bd elementor-widget elementor-widget-text-editor\" data-id=\"b6e77bd\" data-element_type=\"widget\" data-widget_type=\"text-editor.default\">\n\t\t\t\t<div class=\"elementor-widget-container\">\n\t\t\t\t\t\t\t\t\t<p>Turuncu Mercedes Servis olarak, m\u00fc\u015fterilerimize benzersiz bir servis deneyimi sunmay\u0131 ama\u00e7l\u0131yoruz. Mercedes-Benz markas\u0131n\u0131n ola\u011fan\u00fcst\u00fc kalitesine ve performans\u0131na olan ba\u011fl\u0131l\u0131\u011f\u0131m\u0131z\u0131, y\u00fcksek e\u011fitimli ve deneyimli teknisyenlerimiz arac\u0131l\u0131\u011f\u0131yla ya\u015fat\u0131yoruz. Ara\u00e7lar\u0131n\u0131z\u0131n bak\u0131m ve onar\u0131mlar\u0131 i\u00e7in en son teknolojiyi ve en iyi yedek par\u00e7alar\u0131 kullan\u0131yoruz.<\/p><p>M\u00fc\u015fteri memnuniyeti bizim i\u00e7in her zaman \u00f6nceliklidir. Size her ad\u0131mda yard\u0131mc\u0131 olmak i\u00e7in buraday\u0131z ve otomobilinizin en iyi \u015fekilde bak\u0131m\u0131n\u0131 yapmak i\u00e7in elimizden geleni yap\u0131yoruz.<\/p><p><strong>Neden Bizi Se\u00e7melisiniz?<\/strong><\/p><ul><li>Mercedes-Benz markas\u0131na olan tutkumuz ve uzmanl\u0131\u011f\u0131m\u0131z.<\/li><li>Deneyimli ve e\u011fitimli teknisyenler.<\/li><li>En son teknoloji ve y\u00fcksek kaliteli yedek par\u00e7alar.<\/li><li>M\u00fc\u015fteri memnuniyeti odakl\u0131 hizmet anlay\u0131\u015f\u0131.<\/li><li>Rekabet\u00e7i fiyatlar.<\/li><\/ul><p>Turuncu Mercedes Servis olarak, otomobilinizin en iyi durumda kalmas\u0131n\u0131 sa\u011flamak i\u00e7in buraday\u0131z. Sizi ailemize kat\u0131lmaya ve benzersiz bir servis deneyimi ya\u015famaya davet ediyoruz.<\/p><p>Bize ula\u015fmak ve hizmetlerimiz hakk\u0131nda daha fazla bilgi almak i\u00e7in l\u00fctfen bizimle ileti\u015fime ge\u00e7in. Size yard\u0131mc\u0131 olmaktan mutluluk duyar\u0131z.<\/p>\t\t\t\t\t\t\t\t<\/div>\n\t\t\t\t<\/div>\n\t\t\t\t\t<\/div>\n\t\t\t\t<\/div>\n\t\t\t\t<section class=\"elementor-section elementor-top-section elementor-element elementor-element-702b8ed elementor-section-boxed elementor-section-height-default elementor-section-height-default\" data-id=\"702b8ed\" data-element_type=\"section\" data-settings=\"{&quot;background_background&quot;:&quot;classic&quot;}\">\n\t\t\t\t\t\t<div class=\"elementor-container elementor-column-gap-default\">\n\t\t\t\t\t<div class=\"elementor-column elementor-col-100 elementor-top-column elementor-element elementor-element-9fc1c3f\" data-id=\"9fc1c3f\" data-element_type=\"column\">\n\t\t\t<div class=\"elementor-widget-wrap elementor-element-populated\">\n\t\t\t\t\t\t<section class=\"elementor-section elementor-inner-section elementor-element elementor-element-47f1915 elementor-section-boxed elementor-section-height-default elementor-section-height-default\" data-id=\"47f1915\" data-element_type=\"section\" data-settings=\"{&quot;background_background&quot;:&quot;classic&quot;}\">\n\t\t\t\t\t\t\t<div class=\"elementor-background-overlay\"><\/div>\n\t\t\t\t\t\t\t<div class=\"elementor-container elementor-column-gap-default\">\n\t\t\t\t\t<div class=\"elementor-column elementor-col-50 elementor-inner-column elementor-element elementor-element-59cd73f\" data-id=\"59cd73f\" data-element_type=\"column\">\n\t\t\t<div class=\"elementor-widget-wrap elementor-element-populated\">\n\t\t\t\t\t\t<div class=\"elementor-element elementor-element-51361c9 elementor-widget elementor-widget-heading\" data-id=\"51361c9\" data-element_type=\"widget\" data-widget_type=\"heading.default\">\n\t\t\t\t<div class=\"elementor-widget-container\">\n\t\t\t\t\t<h2 class=\"elementor-heading-title elementor-size-default\">Detayl\u0131 Bilgi \u0130\u00e7in WhatsApptan Yazabilirsiniz<\/h2>\t\t\t\t<\/div>\n\t\t\t\t<\/div>\n\t\t\t\t\t<\/div>\n\t\t<\/div>\n\t\t\t\t<div class=\"elementor-column elementor-col-50 elementor-inner-column elementor-element elementor-element-81ac4f1\" data-id=\"81ac4f1\" data-element_type=\"column\">\n\t\t\t<div class=\"elementor-widget-wrap elementor-element-populated\">\n\t\t\t\t\t\t<div class=\"elementor-element elementor-element-4c4ea17 elementor-widget__width-initial elementor-widget elementor-widget-button\" data-id=\"4c4ea17\" data-element_type=\"widget\" data-widget_type=\"button.default\">\n\t\t\t\t<div class=\"elementor-widget-container\">\n\t\t\t\t\t\t\t\t\t<div class=\"elementor-button-wrapper\">\n\t\t\t\t\t<a class=\"elementor-button elementor-button-link elementor-size-md\" href=\"https:\/\/wa.me\/+905546686276\">\n\t\t\t\t\t\t<span class=\"elementor-button-content-wrapper\">\n\t\t\t\t\t\t<span class=\"elementor-button-icon\">\n\t\t\t\t<svg aria-hidden=\"true\" class=\"e-font-icon-svg e-fab-whatsapp\" viewBox=\"0 0 448 512\" xmlns=\"http:\/\/www.w3.org\/2000\/svg\"><path d=\"M380.9 97.1C339 55.1 283.2 32 223.9 32c-122.4 0-222 99.6-222 222 0 39.1 10.2 77.3 29.6 111L0 480l117.7-30.9c32.4 17.7 68.9 27 106.1 27h.1c122.3 0 224.1-99.6 224.1-222 0-59.3-25.2-115-67.1-157zm-157 341.6c-33.2 0-65.7-8.9-94-25.7l-6.7-4-69.8 18.3L72 359.2l-4.4-7c-18.5-29.4-28.2-63.3-28.2-98.2 0-101.7 82.8-184.5 184.6-184.5 49.3 0 95.6 19.2 130.4 54.1 34.8 34.9 56.2 81.2 56.1 130.5 0 101.8-84.9 184.6-186.6 184.6zm101.2-138.2c-5.5-2.8-32.8-16.2-37.9-18-5.1-1.9-8.8-2.8-12.5 2.8-3.7 5.6-14.3 18-17.6 21.8-3.2 3.7-6.5 4.2-12 1.4-32.6-16.3-54-29.1-75.5-66-5.7-9.8 5.7-9.1 16.3-30.3 1.8-3.7.9-6.9-.5-9.7-1.4-2.8-12.5-30.1-17.1-41.2-4.5-10.8-9.1-9.3-12.5-9.5-3.2-.2-6.9-.2-10.6-.2-3.7 0-9.7 1.4-14.8 6.9-5.1 5.6-19.4 19-19.4 46.3 0 27.3 19.9 53.7 22.6 57.4 2.8 3.7 39.1 59.7 94.8 83.8 35.2 15.2 49 16.5 66.6 13.9 10.7-1.6 32.8-13.4 37.4-26.4 4.6-13 4.6-24.1 3.2-26.4-1.3-2.5-5-3.9-10.5-6.6z\"><\/path><\/svg>\t\t\t<\/span>\n\t\t\t\t\t\t\t\t\t<span class=\"elementor-button-text\">WhatsApp<\/span>\n\t\t\t\t\t<\/span>\n\t\t\t\t\t<\/a>\n\t\t\t\t<\/div>\n\t\t\t\t\t\t\t\t<\/div>\n\t\t\t\t<\/div>\n\t\t\t\t\t<\/div>\n\t\t<\/div>\n\t\t\t\t\t<\/div>\n\t\t<\/section>\n\t\t\t\t\t<\/div>\n\t\t<\/div>\n\t\t\t\t\t<\/div>\n\t\t<\/section>\n\t\t\t\t<\/div>\n\t\t","protected":false},"excerpt":{"rendered":"<p>Hakk\u0131m\u0131zda Turuncu Mercedes Servis Tecr\u00fcbemiz, Arac\u0131n\u0131z\u0131n G\u00fcvencesi Turuncu Mercedes Servis, otomobil tutkunlar\u0131n\u0131n en iyi arkada\u015f\u0131d\u0131r. 10 y\u0131l\u0131 a\u015fk\u0131n bir s\u00fcredir otomobil servisi sekt\u00f6r\u00fcnde hizmet veriyoruz ve Mercedes-Benz markas\u0131na olan ba\u011fl\u0131l\u0131\u011f\u0131m\u0131z\u0131 her g\u00fcn daha da derinle\u015ftiriyoruz. Misyonumuz, s\u00fcrd\u00fcr\u00fclebilir bir gelecekte s\u00fcr\u00fc\u015f deneyimini en y\u00fcksek standartlarda s\u00fcrd\u00fcrmek ve m\u00fc\u015fterilerimize m\u00fckemmel bir servis sunmakt\u0131r. M\u00fc\u015fteri Memnuniyeti %100 M\u00fc\u015fteri [&hellip;]<\/p>\n","protected":false},"author":1,"featured_media":0,"parent":0,"menu_order":0,"comment_status":"closed","ping_status":"closed","template":"","meta":{"footnotes":""},"class_list":["post-23","page","type-page","status-publish","hentry"],"_links":{"self":[{"href":"https:\/\/turuncumercedesservis.com\/index.php\/wp-json\/wp\/v2\/pages\/23","targetHints":{"allow":["GET"]}}],"collection":[{"href":"https:\/\/turuncumercedesservis.com\/index.php\/wp-json\/wp\/v2\/pages"}],"about":[{"href":"https:\/\/turuncumercedesservis.com\/index.php\/wp-json\/wp\/v2\/types\/page"}],"author":[{"embeddable":true,"href":"https:\/\/turuncumercedesservis.com\/index.php\/wp-json\/wp\/v2\/users\/1"}],"replies":[{"embeddable":true,"href":"https:\/\/turuncumercedesservis.com\/index.php\/wp-json\/wp\/v2\/comments?post=23"}],"version-history":[{"count":4,"href":"https:\/\/turuncumercedesservis.com\/index.php\/wp-json\/wp\/v2\/pages\/23\/revisions"}],"predecessor-version":[{"id":368,"href":"https:\/\/turuncumercedesservis.com\/index.php\/wp-json\/wp\/v2\/pages\/23\/revisions\/368"}],"wp:attachment":[{"href":"https:\/\/turuncumercedesservis.com\/index.php\/wp-json\/wp\/v2\/media?parent=23"}],"curies":[{"name":"wp","href":"https:\/\/api.w.org\/{rel}","templated":true}]}}