{"id":479,"date":"2023-11-07T02:31:10","date_gmt":"2023-11-06T23:31:10","guid":{"rendered":"https:\/\/turuncumercedesservis.com\/?page_id=479"},"modified":"2023-11-07T02:32:12","modified_gmt":"2023-11-06T23:32:12","slug":"misyon-vizyon","status":"publish","type":"page","link":"https:\/\/turuncumercedesservis.com\/index.php\/misyon-vizyon\/","title":{"rendered":"Misyon &#038; Vizyon"},"content":{"rendered":"\t\t<div data-elementor-type=\"wp-page\" data-elementor-id=\"479\" class=\"elementor elementor-479\">\n\t\t\t\t\t\t<section class=\"elementor-section elementor-top-section elementor-element elementor-element-ee503c8 elementor-section-boxed elementor-section-height-default elementor-section-height-default\" data-id=\"ee503c8\" data-element_type=\"section\" data-settings=\"{&quot;background_background&quot;:&quot;classic&quot;}\">\n\t\t\t\t\t\t\t<div class=\"elementor-background-overlay\"><\/div>\n\t\t\t\t\t\t\t<div class=\"elementor-container elementor-column-gap-default\">\n\t\t\t\t\t<div class=\"elementor-column elementor-col-100 elementor-top-column elementor-element elementor-element-8028c45\" data-id=\"8028c45\" data-element_type=\"column\">\n\t\t\t<div class=\"elementor-widget-wrap elementor-element-populated\">\n\t\t\t\t\t\t<div class=\"elementor-element elementor-element-44fce45 elementor-widget elementor-widget-gva-heading-block\" data-id=\"44fce45\" data-element_type=\"widget\" data-widget_type=\"gva-heading-block.default\">\n\t\t\t\t<div class=\"elementor-widget-container\">\n\t\t\t\t\t<div class=\"gva-element-gva-heading-block gva-element\">   <div class=\"align-left style-1 widget gsc-heading box-align-left auto-responsive\">\r\n      <div class=\"content-inner\">\r\n         \r\n                  \r\n           \r\n         \r\n                     <h2 class=\"title\">\r\n               <span>Misyon & Vizyon<\/span>\r\n            <\/h2>\r\n                  \r\n                     <div class=\"title-desc\">Turuncu Mercedes Servis<\/div>\r\n         \r\n         \r\n      <\/div>\r\n   <\/div>\r\n<\/div>\t\t\t\t<\/div>\n\t\t\t\t<\/div>\n\t\t\t\t\t<\/div>\n\t\t<\/div>\n\t\t\t\t\t<\/div>\n\t\t<\/section>\n\t\t<div class=\"elementor-element elementor-element-3e82e11 e-flex e-con-boxed e-con e-parent\" data-id=\"3e82e11\" data-element_type=\"container\">\n\t\t\t\t\t<div class=\"e-con-inner\">\n\t\t\t\t<div class=\"elementor-element elementor-element-b6e77bd elementor-widget elementor-widget-text-editor\" data-id=\"b6e77bd\" data-element_type=\"widget\" data-widget_type=\"text-editor.default\">\n\t\t\t\t<div class=\"elementor-widget-container\">\n\t\t\t\t\t\t\t\t\t<p><strong>Vizyon<\/strong><\/p><p>Turuncu Mercedes Servis olarak vizyonumuz, otomobil sahiplerine m\u00fckemmel bir s\u00fcr\u00fc\u015f deneyimi sunmakt\u0131r. Mercedes-Benz markas\u0131n\u0131n g\u00fczellik ve performans\u0131yla b\u00fct\u00fcnle\u015fen ara\u00e7lar\u0131n\u0131z\u0131n bak\u0131m ve onar\u0131mlar\u0131n\u0131 yaparak, s\u00fcrd\u00fcr\u00fclebilir bir gelecekte en y\u00fcksek standartlarda hizmet sunmak i\u00e7in \u00e7abal\u0131yoruz. Vizyonumuz, otomobil tutkunlar\u0131n\u0131n g\u00fcvenle s\u00fcr\u00fc\u015f yapmalar\u0131n\u0131 ve ara\u00e7lar\u0131ndan gurur duymalar\u0131n\u0131 sa\u011flamakt\u0131r.<\/p><p><strong>Misyon<\/strong><\/p><p>Turuncu Mercedes Servis olarak misyonumuz, m\u00fc\u015fterilerimize benzersiz bir servis deneyimi sunmak ve onlar\u0131n ara\u00e7lar\u0131n\u0131n her zaman zirvede olmas\u0131n\u0131 sa\u011flamakt\u0131r. Markam\u0131za olan ba\u011fl\u0131l\u0131\u011f\u0131m\u0131z\u0131, y\u00fcksek kaliteli hizmetlerimizle g\u00f6steriyor ve m\u00fc\u015fterilerimizin ihtiya\u00e7lar\u0131n\u0131 kar\u015f\u0131lamak i\u00e7in en son teknolojiyi kullan\u0131yoruz. M\u00fc\u015fteri memnuniyetini en \u00fcst d\u00fczeye \u00e7\u0131karmak ve uzun vadeli m\u00fc\u015fteri ili\u015fkileri kurmak, misyonumuzun temelini olu\u015fturur.<\/p><p>Turuncu Mercedes Servis olarak, vizyonumuzu ve misyonumuzu her g\u00fcn uygulamak i\u00e7in b\u00fcy\u00fck bir \u00f6zveri ve tutkuyla \u00e7al\u0131\u015f\u0131yoruz. Ara\u00e7lar\u0131n\u0131 bize emanet eden m\u00fc\u015fterilerimizin her zaman g\u00fcvende ve memnun hissetmelerini sa\u011flamak, en b\u00fcy\u00fck hedefimizdir. Bu yolda, s\u00fcrekli olarak yenilik ve m\u00fckemmeliyet aray\u0131\u015f\u0131m\u0131z\u0131 s\u00fcrd\u00fcr\u00fcyoruz.<\/p>\t\t\t\t\t\t\t\t<\/div>\n\t\t\t\t<\/div>\n\t\t\t\t\t<\/div>\n\t\t\t\t<\/div>\n\t\t\t\t<section class=\"elementor-section elementor-top-section elementor-element elementor-element-702b8ed elementor-section-boxed elementor-section-height-default elementor-section-height-default\" data-id=\"702b8ed\" data-element_type=\"section\" data-settings=\"{&quot;background_background&quot;:&quot;classic&quot;}\">\n\t\t\t\t\t\t<div class=\"elementor-container elementor-column-gap-default\">\n\t\t\t\t\t<div class=\"elementor-column elementor-col-100 elementor-top-column elementor-element elementor-element-9fc1c3f\" data-id=\"9fc1c3f\" data-element_type=\"column\">\n\t\t\t<div class=\"elementor-widget-wrap elementor-element-populated\">\n\t\t\t\t\t\t<section class=\"elementor-section elementor-inner-section elementor-element elementor-element-47f1915 elementor-section-boxed elementor-section-height-default elementor-section-height-default\" data-id=\"47f1915\" data-element_type=\"section\" data-settings=\"{&quot;background_background&quot;:&quot;classic&quot;}\">\n\t\t\t\t\t\t\t<div class=\"elementor-background-overlay\"><\/div>\n\t\t\t\t\t\t\t<div class=\"elementor-container elementor-column-gap-default\">\n\t\t\t\t\t<div class=\"elementor-column elementor-col-50 elementor-inner-column elementor-element elementor-element-59cd73f\" data-id=\"59cd73f\" data-element_type=\"column\">\n\t\t\t<div class=\"elementor-widget-wrap elementor-element-populated\">\n\t\t\t\t\t\t<div class=\"elementor-element elementor-element-51361c9 elementor-widget elementor-widget-heading\" data-id=\"51361c9\" data-element_type=\"widget\" data-widget_type=\"heading.default\">\n\t\t\t\t<div class=\"elementor-widget-container\">\n\t\t\t\t\t<h2 class=\"elementor-heading-title elementor-size-default\">Detayl\u0131 Bilgi \u0130\u00e7in WhatsApptan Yazabilirsiniz<\/h2>\t\t\t\t<\/div>\n\t\t\t\t<\/div>\n\t\t\t\t\t<\/div>\n\t\t<\/div>\n\t\t\t\t<div class=\"elementor-column elementor-col-50 elementor-inner-column elementor-element elementor-element-81ac4f1\" data-id=\"81ac4f1\" data-element_type=\"column\">\n\t\t\t<div class=\"elementor-widget-wrap elementor-element-populated\">\n\t\t\t\t\t\t<div class=\"elementor-element elementor-element-4c4ea17 elementor-widget__width-initial elementor-widget elementor-widget-button\" data-id=\"4c4ea17\" data-element_type=\"widget\" data-widget_type=\"button.default\">\n\t\t\t\t<div class=\"elementor-widget-container\">\n\t\t\t\t\t\t\t\t\t<div class=\"elementor-button-wrapper\">\n\t\t\t\t\t<a class=\"elementor-button elementor-button-link elementor-size-md\" href=\"https:\/\/wa.me\/+905546686276\">\n\t\t\t\t\t\t<span class=\"elementor-button-content-wrapper\">\n\t\t\t\t\t\t<span class=\"elementor-button-icon\">\n\t\t\t\t<svg aria-hidden=\"true\" class=\"e-font-icon-svg e-fab-whatsapp\" viewBox=\"0 0 448 512\" xmlns=\"http:\/\/www.w3.org\/2000\/svg\"><path d=\"M380.9 97.1C339 55.1 283.2 32 223.9 32c-122.4 0-222 99.6-222 222 0 39.1 10.2 77.3 29.6 111L0 480l117.7-30.9c32.4 17.7 68.9 27 106.1 27h.1c122.3 0 224.1-99.6 224.1-222 0-59.3-25.2-115-67.1-157zm-157 341.6c-33.2 0-65.7-8.9-94-25.7l-6.7-4-69.8 18.3L72 359.2l-4.4-7c-18.5-29.4-28.2-63.3-28.2-98.2 0-101.7 82.8-184.5 184.6-184.5 49.3 0 95.6 19.2 130.4 54.1 34.8 34.9 56.2 81.2 56.1 130.5 0 101.8-84.9 184.6-186.6 184.6zm101.2-138.2c-5.5-2.8-32.8-16.2-37.9-18-5.1-1.9-8.8-2.8-12.5 2.8-3.7 5.6-14.3 18-17.6 21.8-3.2 3.7-6.5 4.2-12 1.4-32.6-16.3-54-29.1-75.5-66-5.7-9.8 5.7-9.1 16.3-30.3 1.8-3.7.9-6.9-.5-9.7-1.4-2.8-12.5-30.1-17.1-41.2-4.5-10.8-9.1-9.3-12.5-9.5-3.2-.2-6.9-.2-10.6-.2-3.7 0-9.7 1.4-14.8 6.9-5.1 5.6-19.4 19-19.4 46.3 0 27.3 19.9 53.7 22.6 57.4 2.8 3.7 39.1 59.7 94.8 83.8 35.2 15.2 49 16.5 66.6 13.9 10.7-1.6 32.8-13.4 37.4-26.4 4.6-13 4.6-24.1 3.2-26.4-1.3-2.5-5-3.9-10.5-6.6z\"><\/path><\/svg>\t\t\t<\/span>\n\t\t\t\t\t\t\t\t\t<span class=\"elementor-button-text\">WhatsApp<\/span>\n\t\t\t\t\t<\/span>\n\t\t\t\t\t<\/a>\n\t\t\t\t<\/div>\n\t\t\t\t\t\t\t\t<\/div>\n\t\t\t\t<\/div>\n\t\t\t\t\t<\/div>\n\t\t<\/div>\n\t\t\t\t\t<\/div>\n\t\t<\/section>\n\t\t\t\t\t<\/div>\n\t\t<\/div>\n\t\t\t\t\t<\/div>\n\t\t<\/section>\n\t\t\t\t<\/div>\n\t\t","protected":false},"excerpt":{"rendered":"<p>Misyon &#038; Vizyon Turuncu Mercedes Servis Vizyon Turuncu Mercedes Servis olarak vizyonumuz, otomobil sahiplerine m\u00fckemmel bir s\u00fcr\u00fc\u015f deneyimi sunmakt\u0131r. Mercedes-Benz markas\u0131n\u0131n g\u00fczellik ve performans\u0131yla b\u00fct\u00fcnle\u015fen ara\u00e7lar\u0131n\u0131z\u0131n bak\u0131m ve onar\u0131mlar\u0131n\u0131 yaparak, s\u00fcrd\u00fcr\u00fclebilir bir gelecekte en y\u00fcksek standartlarda hizmet sunmak i\u00e7in \u00e7abal\u0131yoruz. Vizyonumuz, otomobil tutkunlar\u0131n\u0131n g\u00fcvenle s\u00fcr\u00fc\u015f yapmalar\u0131n\u0131 ve ara\u00e7lar\u0131ndan gurur duymalar\u0131n\u0131 sa\u011flamakt\u0131r. Misyon Turuncu Mercedes Servis [&hellip;]<\/p>\n","protected":false},"author":1,"featured_media":0,"parent":0,"menu_order":0,"comment_status":"closed","ping_status":"closed","template":"","meta":{"footnotes":""},"class_list":["post-479","page","type-page","status-publish","hentry"],"_links":{"self":[{"href":"https:\/\/turuncumercedesservis.com\/index.php\/wp-json\/wp\/v2\/pages\/479","targetHints":{"allow":["GET"]}}],"collection":[{"href":"https:\/\/turuncumercedesservis.com\/index.php\/wp-json\/wp\/v2\/pages"}],"about":[{"href":"https:\/\/turuncumercedesservis.com\/index.php\/wp-json\/wp\/v2\/types\/page"}],"author":[{"embeddable":true,"href":"https:\/\/turuncumercedesservis.com\/index.php\/wp-json\/wp\/v2\/users\/1"}],"replies":[{"embeddable":true,"href":"https:\/\/turuncumercedesservis.com\/index.php\/wp-json\/wp\/v2\/comments?post=479"}],"version-history":[{"count":7,"href":"https:\/\/turuncumercedesservis.com\/index.php\/wp-json\/wp\/v2\/pages\/479\/revisions"}],"predecessor-version":[{"id":486,"href":"https:\/\/turuncumercedesservis.com\/index.php\/wp-json\/wp\/v2\/pages\/479\/revisions\/486"}],"wp:attachment":[{"href":"https:\/\/turuncumercedesservis.com\/index.php\/wp-json\/wp\/v2\/media?parent=479"}],"curies":[{"name":"wp","href":"https:\/\/api.w.org\/{rel}","templated":true}]}}